{"id":698,"date":"2023-10-23T17:41:03","date_gmt":"2023-10-23T22:41:03","guid":{"rendered":"https:\/\/almeidacorp.org\/?page_id=698"},"modified":"2024-01-23T14:59:58","modified_gmt":"2024-01-23T19:59:58","slug":"responsabilidad-social-empresarial","status":"publish","type":"page","link":"https:\/\/almeidacorp.org\/index.php\/responsabilidad-social-empresarial\/","title":{"rendered":"RESPONSABILIDAD SOCIAL EMPRESARIAL"},"content":{"rendered":"\t\t<div data-elementor-type=\"wp-page\" data-elementor-id=\"698\" class=\"elementor elementor-698\">\n\t\t\t\t\t\t\t\t\t<section class=\"elementor-section elementor-top-section elementor-element elementor-element-cbb7b39 elementor-section-boxed elementor-section-height-default elementor-section-height-default\" data-id=\"cbb7b39\" data-element_type=\"section\">\n\t\t\t\t\t\t<div class=\"elementor-container elementor-column-gap-default\">\n\t\t\t\t\t<div class=\"elementor-column elementor-col-100 elementor-top-column elementor-element elementor-element-266493b\" data-id=\"266493b\" data-element_type=\"column\">\n\t\t\t<div class=\"elementor-widget-wrap elementor-element-populated\">\n\t\t\t\t\t\t\t\t<div class=\"elementor-element elementor-element-d08ba87 elementor-widget elementor-widget-text-editor\" data-id=\"d08ba87\" data-element_type=\"widget\" data-widget_type=\"text-editor.default\">\n\t\t\t\t<div class=\"elementor-widget-container\">\n\t\t\t<style>\/*! elementor - v3.15.0 - 20-08-2023 *\/\n.elementor-widget-text-editor.elementor-drop-cap-view-stacked .elementor-drop-cap{background-color:#69727d;color:#fff}.elementor-widget-text-editor.elementor-drop-cap-view-framed .elementor-drop-cap{color:#69727d;border:3px solid;background-color:transparent}.elementor-widget-text-editor:not(.elementor-drop-cap-view-default) .elementor-drop-cap{margin-top:8px}.elementor-widget-text-editor:not(.elementor-drop-cap-view-default) .elementor-drop-cap-letter{width:1em;height:1em}.elementor-widget-text-editor .elementor-drop-cap{float:left;text-align:center;line-height:1;font-size:50px}.elementor-widget-text-editor .elementor-drop-cap-letter{display:inline-block}<\/style>\t\t\t\t<p>La Responsabilidad Social Empresarial (RSE) es una nueva forma de hacer negocios, donde buscamos una relaci\u00f3n ganar &#8211; ganar. Gana su organizaci\u00f3n beneficios no solo de tipo monetarios sino tambi\u00e9n reputacionales. Las principales aristas de la RSE son: ambiental, laboral y social. Perm\u00edtanos implementar la RSE en su organizaci\u00f3n y sea parte del cambio.\u00a0<\/p>\t\t\t\t\t\t<\/div>\n\t\t\t\t<\/div>\n\t\t\t\t\t<\/div>\n\t\t<\/div>\n\t\t\t\t\t\t\t<\/div>\n\t\t<\/section>\n\t\t\t\t<section class=\"elementor-section elementor-top-section elementor-element elementor-element-d5a51e5 elementor-section-boxed elementor-section-height-default elementor-section-height-default\" data-id=\"d5a51e5\" data-element_type=\"section\">\n\t\t\t\t\t\t<div class=\"elementor-container elementor-column-gap-default\">\n\t\t\t\t\t<div class=\"elementor-column elementor-col-100 elementor-top-column elementor-element elementor-element-28c7d5e\" data-id=\"28c7d5e\" data-element_type=\"column\">\n\t\t\t<div class=\"elementor-widget-wrap elementor-element-populated\">\n\t\t\t\t\t\t\t\t<div class=\"elementor-element elementor-element-72b1284 elementor-widget elementor-widget-text-editor\" data-id=\"72b1284\" data-element_type=\"widget\" data-widget_type=\"text-editor.default\">\n\t\t\t\t<div class=\"elementor-widget-container\">\n\t\t\t\t\t\t\t<p>Nuestra opini\u00f3n econ\u00f3mica: Nos oponemos al incremento porcentual del Iva. El gobierno obeso posee un d\u00e9ficit de 5 mil millones de d\u00f3lares (sin incluir cuentas por pagar, amortizaci\u00f3n de deuda externa e interna, lo cual bordear\u00eda m\u00e1s de 15 mil millones), donde los politiqueros no desean terminar con la farra del gasto corriente, es decir mantienen a bur\u00f3cratas que no generan ning\u00fan valor a la econom\u00eda, a la producci\u00f3n, a la seguridad u otra. Por otra parte, la consulta popular no se enfoca en temas cruciales como una reforma al Consejo de la Judicatura (al menos en cuanto a selecci\u00f3n de autoridades a fin de despolitizar la misma), a la reforma de las penas de libertad y sus fines donde las personas encarceladas tengan una verdadera sanci\u00f3n y rehabilitaci\u00f3n en la sociedad, no combate el aborto, ideolog\u00eda de g\u00e9nero e injerencias de lobbies financiados por Open Society (como Plan Parenthood), peor a\u00fan se mantiene silencio con los intentos\u00a0de legalizar la eutanasia junto con el consumo de drogas. Tampoco se menciona acerca de flexibilizar \/ reformar el mercado laboral, ni menciona como el gobierno pagar\u00e1 la gigantesca deuda con el IESS. Por otra parte, no se incluye estrategias para incrementar la productividad de las unidades productivas y el esfuerzo de la educaci\u00f3n para encadenarse con la matriz productiva &#8211; energ\u00e9tica, en todos sus niveles educativos. Al no aplicar pol\u00edticas p\u00fablicas, no es el mercado quien regula o dirige la econom\u00eda, como se pretende enga\u00f1ar desde grupos acad\u00e9micos con sesgo de la izquierda menos rancia pero m\u00e1s globalista. Sino, al contrario, son castas privilegiadas de tipo nacional que obedecen a intereses internacionales quienes dictan el futuro de Ecuador. Un futuro que es m\u00e1s turbio y m\u00e1s turbio en detrimento de las familias ecuatorianas.<\/p>\t\t\t\t\t\t<\/div>\n\t\t\t\t<\/div>\n\t\t\t\t\t<\/div>\n\t\t<\/div>\n\t\t\t\t\t\t\t<\/div>\n\t\t<\/section>\n\t\t\t\t<section class=\"elementor-section elementor-top-section elementor-element elementor-element-fdd0fba elementor-section-boxed elementor-section-height-default elementor-section-height-default\" data-id=\"fdd0fba\" data-element_type=\"section\">\n\t\t\t\t\t\t<div class=\"elementor-container elementor-column-gap-default\">\n\t\t\t\t\t<div class=\"elementor-column elementor-col-100 elementor-top-column elementor-element elementor-element-8653d3a\" data-id=\"8653d3a\" data-element_type=\"column\">\n\t\t\t<div class=\"elementor-widget-wrap elementor-element-populated\">\n\t\t\t\t\t\t\t\t<div class=\"elementor-element elementor-element-c6b0712 elementor-align-center elementor-widget elementor-widget-button\" data-id=\"c6b0712\" data-element_type=\"widget\" data-widget_type=\"button.default\">\n\t\t\t\t<div class=\"elementor-widget-container\">\n\t\t\t\t\t<div class=\"elementor-button-wrapper\">\n\t\t\t<a class=\"elementor-button elementor-button-link elementor-size-sm\" href=\"https:\/\/www.uafe.gob.ec\/\">\n\t\t\t\t\t\t<span class=\"elementor-button-content-wrapper\">\n\t\t\t\t\t\t<span class=\"elementor-button-text\">ENLACE UNIDAD DE AN\u00c1LISIS FINANCIERO Y ECON\u00d3MICO UAFE:<\/span>\n\t\t<\/span>\n\t\t\t\t\t<\/a>\n\t\t<\/div>\n\t\t\t\t<\/div>\n\t\t\t\t<\/div>\n\t\t\t\t\t<\/div>\n\t\t<\/div>\n\t\t\t\t\t\t\t<\/div>\n\t\t<\/section>\n\t\t\t\t<section class=\"elementor-section elementor-top-section elementor-element elementor-element-d2d5cb7 elementor-section-boxed elementor-section-height-default elementor-section-height-default\" data-id=\"d2d5cb7\" data-element_type=\"section\">\n\t\t\t\t\t\t<div class=\"elementor-container elementor-column-gap-default\">\n\t\t\t\t\t<div class=\"elementor-column elementor-col-100 elementor-top-column elementor-element elementor-element-f9335d2\" data-id=\"f9335d2\" data-element_type=\"column\">\n\t\t\t<div class=\"elementor-widget-wrap elementor-element-populated\">\n\t\t\t\t\t\t\t\t<div class=\"elementor-element elementor-element-469db4e elementor-align-center elementor-widget elementor-widget-button\" data-id=\"469db4e\" data-element_type=\"widget\" data-widget_type=\"button.default\">\n\t\t\t\t<div class=\"elementor-widget-container\">\n\t\t\t\t\t<div class=\"elementor-button-wrapper\">\n\t\t\t<a class=\"elementor-button elementor-button-link elementor-size-sm\" href=\"https:\/\/srienlinea.sri.gob.ec\/sri-en-linea\/inicio\/NAT\">\n\t\t\t\t\t\t<span class=\"elementor-button-content-wrapper\">\n\t\t\t\t\t\t<span class=\"elementor-button-text\">ENLACE SRI ONLINE:<\/span>\n\t\t<\/span>\n\t\t\t\t\t<\/a>\n\t\t<\/div>\n\t\t\t\t<\/div>\n\t\t\t\t<\/div>\n\t\t\t\t\t<\/div>\n\t\t<\/div>\n\t\t\t\t\t\t\t<\/div>\n\t\t<\/section>\n\t\t\t\t<section class=\"elementor-section elementor-top-section elementor-element elementor-element-f30685b elementor-section-boxed elementor-section-height-default elementor-section-height-default\" data-id=\"f30685b\" data-element_type=\"section\">\n\t\t\t\t\t\t<div class=\"elementor-container elementor-column-gap-default\">\n\t\t\t\t\t<div class=\"elementor-column elementor-col-100 elementor-top-column elementor-element elementor-element-d36e39c\" data-id=\"d36e39c\" data-element_type=\"column\">\n\t\t\t<div class=\"elementor-widget-wrap elementor-element-populated\">\n\t\t\t\t\t\t\t\t<div class=\"elementor-element elementor-element-8cb9d95 elementor-align-center elementor-widget elementor-widget-button\" data-id=\"8cb9d95\" data-element_type=\"widget\" data-widget_type=\"button.default\">\n\t\t\t\t<div class=\"elementor-widget-container\">\n\t\t\t\t\t<div class=\"elementor-button-wrapper\">\n\t\t\t<a class=\"elementor-button elementor-button-link elementor-size-sm\" href=\"https:\/\/sut.trabajo.gob.ec\/\">\n\t\t\t\t\t\t<span class=\"elementor-button-content-wrapper\">\n\t\t\t\t\t\t<span class=\"elementor-button-text\">MINISTERIO DE RELACIONES LABORALES<\/span>\n\t\t<\/span>\n\t\t\t\t\t<\/a>\n\t\t<\/div>\n\t\t\t\t<\/div>\n\t\t\t\t<\/div>\n\t\t\t\t\t<\/div>\n\t\t<\/div>\n\t\t\t\t\t\t\t<\/div>\n\t\t<\/section>\n\t\t\t\t<section class=\"elementor-section elementor-top-section elementor-element elementor-element-d075990 elementor-section-boxed elementor-section-height-default elementor-section-height-default\" data-id=\"d075990\" data-element_type=\"section\">\n\t\t\t\t\t\t<div class=\"elementor-container elementor-column-gap-default\">\n\t\t\t\t\t<div class=\"elementor-column elementor-col-100 elementor-top-column elementor-element elementor-element-2e64682\" data-id=\"2e64682\" data-element_type=\"column\">\n\t\t\t<div class=\"elementor-widget-wrap elementor-element-populated\">\n\t\t\t\t\t\t\t\t<div class=\"elementor-element elementor-element-06d0a53 elementor-align-center elementor-widget elementor-widget-button\" data-id=\"06d0a53\" data-element_type=\"widget\" data-widget_type=\"button.default\">\n\t\t\t\t<div class=\"elementor-widget-container\">\n\t\t\t\t\t<div class=\"elementor-button-wrapper\">\n\t\t\t<a class=\"elementor-button elementor-button-link elementor-size-sm\" href=\"https:\/\/www.supercias.gob.ec\/portalscvs\/index.htm\">\n\t\t\t\t\t\t<span class=\"elementor-button-content-wrapper\">\n\t\t\t\t\t\t<span class=\"elementor-button-text\">SUPERCIAS:<\/span>\n\t\t<\/span>\n\t\t\t\t\t<\/a>\n\t\t<\/div>\n\t\t\t\t<\/div>\n\t\t\t\t<\/div>\n\t\t\t\t\t<\/div>\n\t\t<\/div>\n\t\t\t\t\t\t\t<\/div>\n\t\t<\/section>\n\t\t\t\t<section class=\"elementor-section elementor-top-section elementor-element elementor-element-810b67e elementor-section-boxed elementor-section-height-default elementor-section-height-default\" data-id=\"810b67e\" data-element_type=\"section\">\n\t\t\t\t\t\t<div class=\"elementor-container elementor-column-gap-default\">\n\t\t\t\t\t<div class=\"elementor-column elementor-col-100 elementor-top-column elementor-element elementor-element-7be2fb4\" data-id=\"7be2fb4\" data-element_type=\"column\">\n\t\t\t<div class=\"elementor-widget-wrap elementor-element-populated\">\n\t\t\t\t\t\t\t\t<div class=\"elementor-element elementor-element-b359be9 elementor-align-center elementor-widget elementor-widget-button\" data-id=\"b359be9\" data-element_type=\"widget\" data-widget_type=\"button.default\">\n\t\t\t\t<div class=\"elementor-widget-container\">\n\t\t\t\t\t<div class=\"elementor-button-wrapper\">\n\t\t\t<a class=\"elementor-button elementor-button-link elementor-size-sm\" href=\"https:\/\/www.seps.gob.ec\/\">\n\t\t\t\t\t\t<span class=\"elementor-button-content-wrapper\">\n\t\t\t\t\t\t<span class=\"elementor-button-text\">SUPERINTENDENCIA  DE LA ECONOM\u00cdA POPULAR Y SOLIDARIA SEPS<\/span>\n\t\t<\/span>\n\t\t\t\t\t<\/a>\n\t\t<\/div>\n\t\t\t\t<\/div>\n\t\t\t\t<\/div>\n\t\t\t\t\t<\/div>\n\t\t<\/div>\n\t\t\t\t\t\t\t<\/div>\n\t\t<\/section>\n\t\t\t\t<section class=\"elementor-section elementor-top-section elementor-element elementor-element-1c6e36b elementor-section-boxed elementor-section-height-default elementor-section-height-default\" data-id=\"1c6e36b\" data-element_type=\"section\">\n\t\t\t\t\t\t<div class=\"elementor-container elementor-column-gap-default\">\n\t\t\t\t\t<div class=\"elementor-column elementor-col-100 elementor-top-column elementor-element elementor-element-beea208\" data-id=\"beea208\" data-element_type=\"column\">\n\t\t\t<div class=\"elementor-widget-wrap elementor-element-populated\">\n\t\t\t\t\t\t\t\t<div class=\"elementor-element elementor-element-7ff38d1 elementor-widget elementor-widget-video\" data-id=\"7ff38d1\" data-element_type=\"widget\" data-settings=\"{&quot;youtube_url&quot;:&quot;https:\\\/\\\/www.youtube.com\\\/shorts\\\/kjzAEWuzEmA&quot;,&quot;video_type&quot;:&quot;youtube&quot;,&quot;controls&quot;:&quot;yes&quot;}\" data-widget_type=\"video.default\">\n\t\t\t\t<div class=\"elementor-widget-container\">\n\t\t\t<style>\/*! elementor - v3.15.0 - 20-08-2023 *\/\n.elementor-widget-video .elementor-widget-container{overflow:hidden;transform:translateZ(0)}.elementor-widget-video .elementor-wrapper{aspect-ratio:var(--video-aspect-ratio)}.elementor-widget-video .elementor-wrapper iframe,.elementor-widget-video .elementor-wrapper video{height:100%;width:100%;display:flex;border:none;background-color:#000}@supports not (aspect-ratio:1\/1){.elementor-widget-video .elementor-wrapper{position:relative;overflow:hidden;height:0;padding-bottom:calc(100% \/ var(--video-aspect-ratio))}.elementor-widget-video .elementor-wrapper iframe,.elementor-widget-video .elementor-wrapper video{position:absolute;top:0;right:0;bottom:0;left:0}}.elementor-widget-video .elementor-open-inline .elementor-custom-embed-image-overlay{position:absolute;top:0;right:0;bottom:0;left:0;background-size:cover;background-position:50%}.elementor-widget-video .elementor-custom-embed-image-overlay{cursor:pointer;text-align:center}.elementor-widget-video .elementor-custom-embed-image-overlay:hover .elementor-custom-embed-play i{opacity:1}.elementor-widget-video .elementor-custom-embed-image-overlay img{display:block;width:100%;aspect-ratio:var(--video-aspect-ratio);-o-object-fit:cover;object-fit:cover;-o-object-position:center center;object-position:center center}@supports not (aspect-ratio:1\/1){.elementor-widget-video .elementor-custom-embed-image-overlay{position:relative;overflow:hidden;height:0;padding-bottom:calc(100% \/ var(--video-aspect-ratio))}.elementor-widget-video .elementor-custom-embed-image-overlay img{position:absolute;top:0;right:0;bottom:0;left:0}}.elementor-widget-video .e-hosted-video .elementor-video{-o-object-fit:cover;object-fit:cover}.e-con-inner>.elementor-widget-video,.e-con>.elementor-widget-video{width:var(--container-widget-width);--flex-grow:var(--container-widget-flex-grow)}<\/style>\t\t<div class=\"elementor-wrapper elementor-open-inline\">\n\t\t\t<div class=\"elementor-video\"><\/div>\t\t<\/div>\n\t\t\t\t<\/div>\n\t\t\t\t<\/div>\n\t\t\t\t\t<\/div>\n\t\t<\/div>\n\t\t\t\t\t\t\t<\/div>\n\t\t<\/section>\n\t\t\t\t\t\t\t<\/div>\n\t\t","protected":false},"excerpt":{"rendered":"<p>La Responsabilidad Social Empresarial (RSE) es una nueva forma de hacer negocios, donde buscamos una relaci\u00f3n ganar &#8211; ganar. Gana su organizaci\u00f3n beneficios no solo de tipo monetarios sino tambi\u00e9n reputacionales. Las principales aristas de la RSE son: ambiental, laboral y social. Perm\u00edtanos implementar la RSE en su organizaci\u00f3n y sea parte del cambio.\u00a0 Nuestra &hellip;<\/p>\n<p class=\"read-more\"> <a class=\"\" href=\"https:\/\/almeidacorp.org\/index.php\/responsabilidad-social-empresarial\/\"> <span class=\"screen-reader-text\">RESPONSABILIDAD SOCIAL EMPRESARIAL<\/span> Leer m\u00e1s &raquo;<\/a><\/p>\n","protected":false},"author":1,"featured_media":0,"parent":0,"menu_order":0,"comment_status":"closed","ping_status":"closed","template":"","meta":{"site-sidebar-layout":"no-sidebar","site-content-layout":"page-builder","ast-site-content-layout":"full-width-container","site-content-style":"default","site-sidebar-style":"default","ast-global-header-display":"","ast-banner-title-visibility":"","ast-main-header-display":"","ast-hfb-above-header-display":"","ast-hfb-below-header-display":"","ast-hfb-mobile-header-display":"","site-post-title":"disabled","ast-breadcrumbs-content":"","ast-featured-img":"disabled","footer-sml-layout":"","theme-transparent-header-meta":"","adv-header-id-meta":"","stick-header-meta":"","header-above-stick-meta":"","header-main-stick-meta":"","header-below-stick-meta":"","astra-migrate-meta-layouts":"","footnotes":""},"_links":{"self":[{"href":"https:\/\/almeidacorp.org\/index.php\/wp-json\/wp\/v2\/pages\/698"}],"collection":[{"href":"https:\/\/almeidacorp.org\/index.php\/wp-json\/wp\/v2\/pages"}],"about":[{"href":"https:\/\/almeidacorp.org\/index.php\/wp-json\/wp\/v2\/types\/page"}],"author":[{"embeddable":true,"href":"https:\/\/almeidacorp.org\/index.php\/wp-json\/wp\/v2\/users\/1"}],"replies":[{"embeddable":true,"href":"https:\/\/almeidacorp.org\/index.php\/wp-json\/wp\/v2\/comments?post=698"}],"version-history":[{"count":28,"href":"https:\/\/almeidacorp.org\/index.php\/wp-json\/wp\/v2\/pages\/698\/revisions"}],"predecessor-version":[{"id":746,"href":"https:\/\/almeidacorp.org\/index.php\/wp-json\/wp\/v2\/pages\/698\/revisions\/746"}],"wp:attachment":[{"href":"https:\/\/almeidacorp.org\/index.php\/wp-json\/wp\/v2\/media?parent=698"}],"curies":[{"name":"wp","href":"https:\/\/api.w.org\/{rel}","templated":true}]}}